{"id":44535,"date":"2021-04-12T18:33:53","date_gmt":"2021-04-12T15:33:53","guid":{"rendered":"http:\/\/earnado.com\/tr\/?page_id=44535"},"modified":"2021-04-12T18:35:43","modified_gmt":"2021-04-12T15:35:43","slug":"backlink-analizi","status":"publish","type":"page","link":"https:\/\/earnado.com\/tr\/backlink-analizi\/","title":{"rendered":"Backlink Analizi"},"content":{"rendered":"\t\t<div data-elementor-type=\"wp-page\" data-elementor-id=\"44535\" class=\"elementor elementor-44535\">\n\t\t\t\t\t\t<section class=\"elementor-section elementor-top-section elementor-element elementor-element-5c5a3f0 elementor-section-stretched elementor-section-boxed elementor-section-height-default elementor-section-height-default\" data-id=\"5c5a3f0\" data-element_type=\"section\" data-settings=\"{&quot;stretch_section&quot;:&quot;section-stretched&quot;,&quot;background_background&quot;:&quot;classic&quot;}\">\n\t\t\t\t\t\t<div class=\"elementor-container elementor-column-gap-default\">\n\t\t\t\t\t<div class=\"elementor-column elementor-col-100 elementor-top-column elementor-element elementor-element-7c9a430\" data-id=\"7c9a430\" data-element_type=\"column\">\n\t\t\t<div class=\"elementor-widget-wrap elementor-element-populated\">\n\t\t\t\t\t\t<section class=\"elementor-section elementor-inner-section elementor-element elementor-element-d1d399e elementor-section-boxed elementor-section-height-default elementor-section-height-default\" data-id=\"d1d399e\" data-element_type=\"section\">\n\t\t\t\t\t\t<div class=\"elementor-container elementor-column-gap-default\">\n\t\t\t\t\t<div class=\"elementor-column elementor-col-100 elementor-inner-column elementor-element elementor-element-bdc8062\" data-id=\"bdc8062\" data-element_type=\"column\">\n\t\t\t<div class=\"elementor-widget-wrap elementor-element-populated\">\n\t\t\t\t\t\t<div class=\"elementor-element elementor-element-296c2e8 elementor-widget elementor-widget-pix-highlighted-text\" data-id=\"296c2e8\" data-element_type=\"widget\" data-widget_type=\"pix-highlighted-text.default\">\n\t\t\t\t<div class=\"elementor-widget-container\">\n\t\t\t<div id=\"el-296c2e8\" class=\"pix-highlighted-element text-center \"><h2 class=\"pix-highlighted-items \" style=\"\" data-anim-type=\"\" data-anim-delay=\"\"><span id=\"el-296c2e8-0\" class=\"pix-highlight-bg align-middle2   elementor-repeater-item-a4f1ac8 el-296c2e8-0 animate-in\" data-anim-type=\"highlight-grow\" data-anim-delay=\"200\"><span class=\"pix-highlighted-text  pix-highlight-item font-weight-normal  font-weight-bold heading-font text-heading-default\">Backlink<\/span><\/span><span id=\"el-296c2e8-1\" class=\" elementor-repeater-item-e654c2b\"><span class=\"pix-highlighted-text pix-highlight-item font-weight-normal  body-font text-heading-default\"> Analiz Arac\u0131<\/span><\/span><\/h2><\/div>\t\t<\/div>\n\t\t\t\t<\/div>\n\t\t\t\t<div class=\"elementor-element elementor-element-0d9df7a elementor-invisible elementor-widget elementor-widget-pix-text\" data-id=\"0d9df7a\" data-element_type=\"widget\" data-widget_type=\"pix-text.default\">\n\t\t\t\t<div class=\"elementor-widget-container\">\n\t\t\t<div class=\"pix-el-text w-100 text-center \" ><p class=\"text-18 resp-option text-body-default text-center \" ><span class=\"text-body-default animate-in d-inline-block\" data-anim-delay=\"100\" data-anim-type=\"fade-in-up\">Web sitenizi girerek backlink analizi yapabilir, rakiplerinizi ve sitenizi inceleyebilirsiniz.<\/span><\/p><\/div>\t\t<\/div>\n\t\t\t\t<\/div>\n\t\t\t\t\t<\/div>\n\t\t<\/div>\n\t\t\t\t\t<\/div>\n\t\t<\/section>\n\t\t\t\t\t<\/div>\n\t\t<\/div>\n\t\t\t\t\t<\/div>\n\t\t<\/section>\n\t\t\t\t<section class=\"elementor-section elementor-top-section elementor-element elementor-element-4cc4bdb elementor-section-full_width elementor-section-stretched elementor-section-height-default elementor-section-height-default\" data-id=\"4cc4bdb\" data-element_type=\"section\" data-settings=\"{&quot;stretch_section&quot;:&quot;section-stretched&quot;}\">\n\t\t\t\t\t\t<div class=\"elementor-container elementor-column-gap-no\">\n\t\t\t\t\t<div class=\"elementor-column elementor-col-100 elementor-top-column elementor-element elementor-element-241b456\" data-id=\"241b456\" data-element_type=\"column\">\n\t\t\t<div class=\"elementor-widget-wrap elementor-element-populated\">\n\t\t\t\t\t\t<div class=\"elementor-element elementor-element-9e011fe elementor-widget elementor-widget-pix-dividers\" data-id=\"9e011fe\" data-element_type=\"widget\" data-widget_type=\"pix-dividers.default\">\n\t\t\t\t<div class=\"elementor-widget-container\">\n\t\t\t<div class=\"pix-divider  position-relative pix-bottom-divider\" data-style=\"style-1\" ><svg xmlns=\"http:\/\/www.w3.org\/2000\/svg\" width=\"100%\" height=\"450px\" viewBox=\"0 0 1200 559\" preserveAspectRatio=\"none\"><path fill=\"#ffffff\" d=\"M1200,60.1400547 L1200,559 L0,559 L0,60.3572297 L560.822718,526.803344 C576.243831,539.629355 582.976586,542.937632 591.005571,545.104574 C599.034555,547.271517 607.100903,547.250104 615.118269,545.040564 C623.135636,542.831024 629.850732,539.487048 645.203531,526.579344 L1200,60.1400547 Z\"\/><defs><\/defs><\/svg><\/div>\t\t<\/div>\n\t\t\t\t<\/div>\n\t\t\t\t\t<\/div>\n\t\t<\/div>\n\t\t\t\t\t<\/div>\n\t\t<\/section>\n\t\t\t\t<section class=\"elementor-section elementor-top-section elementor-element elementor-element-12840e3 elementor-section-boxed elementor-section-height-default elementor-section-height-default\" data-id=\"12840e3\" data-element_type=\"section\">\n\t\t\t\t\t\t<div class=\"elementor-container elementor-column-gap-default\">\n\t\t\t\t\t<div class=\"elementor-column elementor-col-100 elementor-top-column elementor-element elementor-element-e0b7b9b\" data-id=\"e0b7b9b\" data-element_type=\"column\">\n\t\t\t<div class=\"elementor-widget-wrap elementor-element-populated\">\n\t\t\t\t\t\t<div class=\"elementor-element elementor-element-fae1741 elementor-widget elementor-widget-spacer\" data-id=\"fae1741\" data-element_type=\"widget\" data-widget_type=\"spacer.default\">\n\t\t\t\t<div class=\"elementor-widget-container\">\n\t\t\t<style>\/*! elementor - v3.21.0 - 08-05-2024 *\/\n.elementor-column .elementor-spacer-inner{height:var(--spacer-size)}.e-con{--container-widget-width:100%}.e-con-inner>.elementor-widget-spacer,.e-con>.elementor-widget-spacer{width:var(--container-widget-width,var(--spacer-size));--align-self:var(--container-widget-align-self,initial);--flex-shrink:0}.e-con-inner>.elementor-widget-spacer>.elementor-widget-container,.e-con>.elementor-widget-spacer>.elementor-widget-container{height:100%;width:100%}.e-con-inner>.elementor-widget-spacer>.elementor-widget-container>.elementor-spacer,.e-con>.elementor-widget-spacer>.elementor-widget-container>.elementor-spacer{height:100%}.e-con-inner>.elementor-widget-spacer>.elementor-widget-container>.elementor-spacer>.elementor-spacer-inner,.e-con>.elementor-widget-spacer>.elementor-widget-container>.elementor-spacer>.elementor-spacer-inner{height:var(--container-widget-height,var(--spacer-size))}.e-con-inner>.elementor-widget-spacer.elementor-widget-empty,.e-con>.elementor-widget-spacer.elementor-widget-empty{position:relative;min-height:22px;min-width:22px}.e-con-inner>.elementor-widget-spacer.elementor-widget-empty .elementor-widget-empty-icon,.e-con>.elementor-widget-spacer.elementor-widget-empty .elementor-widget-empty-icon{position:absolute;top:0;bottom:0;left:0;right:0;margin:auto;padding:0;width:22px;height:22px}<\/style>\t\t<div class=\"elementor-spacer\">\n\t\t\t<div class=\"elementor-spacer-inner\"><\/div>\n\t\t<\/div>\n\t\t\t\t<\/div>\n\t\t\t\t<\/div>\n\t\t\t\t\t<\/div>\n\t\t<\/div>\n\t\t\t\t\t<\/div>\n\t\t<\/section>\n\t\t\t\t<section class=\"elementor-section elementor-top-section elementor-element elementor-element-6eceed6 elementor-section-boxed elementor-section-height-default elementor-section-height-default\" data-id=\"6eceed6\" data-element_type=\"section\">\n\t\t\t\t\t\t<div class=\"elementor-container elementor-column-gap-default\">\n\t\t\t\t\t<div class=\"elementor-column elementor-col-100 elementor-top-column elementor-element elementor-element-15ff8a5\" data-id=\"15ff8a5\" data-element_type=\"column\">\n\t\t\t<div class=\"elementor-widget-wrap elementor-element-populated\">\n\t\t\t\t\t\t<div class=\"elementor-element elementor-element-913017d elementor-widget elementor-widget-text-editor\" data-id=\"913017d\" data-element_type=\"widget\" data-widget_type=\"text-editor.default\">\n\t\t\t\t<div class=\"elementor-widget-container\">\n\t\t\t<style>\/*! elementor - v3.21.0 - 08-05-2024 *\/\n.elementor-widget-text-editor.elementor-drop-cap-view-stacked .elementor-drop-cap{background-color:#69727d;color:#fff}.elementor-widget-text-editor.elementor-drop-cap-view-framed .elementor-drop-cap{color:#69727d;border:3px solid;background-color:transparent}.elementor-widget-text-editor:not(.elementor-drop-cap-view-default) .elementor-drop-cap{margin-top:8px}.elementor-widget-text-editor:not(.elementor-drop-cap-view-default) .elementor-drop-cap-letter{width:1em;height:1em}.elementor-widget-text-editor .elementor-drop-cap{float:left;text-align:center;line-height:1;font-size:50px}.elementor-widget-text-editor .elementor-drop-cap-letter{display:inline-block}<\/style>\t\t\t\t<iframe width=\"980\" height=\"500\" allowtransparency=\"true\" frameborder=\"0\" id=\"460f28\" scrolling=\"no\" src=\"https:\/\/seo.earnado.com\/embed.php?id=high-quality-backlinks&#038;r=460f28\"><\/iframe>\n<script type=\"text\/javascript\">\n  (function(id) {\n    var eventMethod = (window.addEventListener ? \"addEventListener\" : \"attachEvent\"), lh = -1;\n    window[eventMethod](eventMethod == \"attachEvent\" ? \"onmessage\" : \"message\", function(e) {\n      if (e.data.indexOf(id + ':') != 0) return; var h = parseInt(e.data.substring(id.length + 1), 10);\n      if (lh != h) document.getElementById(id).style.height = h + 'px'; lh = h;\n    }, false);\n  })(\"460f28\");\n<\/script>\t\t\t\t\t\t<\/div>\n\t\t\t\t<\/div>\n\t\t\t\t\t<\/div>\n\t\t<\/div>\n\t\t\t\t\t<\/div>\n\t\t<\/section>\n\t\t\t\t<\/div>\n\t\t","protected":false},"excerpt":{"rendered":"<p>Backlink Analiz Arac\u0131 Web sitenizi girerek backlink analizi yapabilir, rakiplerinizi ve sitenizi inceleyebilirsiniz.<\/p>\n","protected":false},"author":320,"featured_media":0,"parent":0,"menu_order":0,"comment_status":"closed","ping_status":"closed","template":"","meta":{"footnotes":""},"class_list":["post-44535","page","type-page","status-publish","hentry"],"yoast_head":"<!-- This site is optimized with the Yoast SEO plugin v22.7 - https:\/\/yoast.com\/wordpress\/plugins\/seo\/ -->\n<title>Backlink Analizi - Earnado<\/title>\n<meta name=\"description\" content=\"Siteniz i\u00e7in en kaliteli backlinkler nereden geliyor, backlinkler neler ve hangi siteler size link veriyor bu ara\u00e7 \u00fczerinden bulabilirsiniz.\" \/>\n<meta name=\"robots\" content=\"index, follow, max-snippet:-1, max-image-preview:large, max-video-preview:-1\" \/>\n<link rel=\"canonical\" href=\"https:\/\/earnado.com\/tr\/backlink-analizi\/\" \/>\n<meta property=\"og:locale\" content=\"tr_TR\" \/>\n<meta property=\"og:type\" content=\"article\" \/>\n<meta property=\"og:title\" content=\"Backlink Analizi - Earnado\" \/>\n<meta property=\"og:description\" content=\"Siteniz i\u00e7in en kaliteli backlinkler nereden geliyor, backlinkler neler ve hangi siteler size link veriyor bu ara\u00e7 \u00fczerinden bulabilirsiniz.\" \/>\n<meta property=\"og:url\" content=\"https:\/\/earnado.com\/tr\/backlink-analizi\/\" \/>\n<meta property=\"og:site_name\" content=\"Earnado\" \/>\n<meta property=\"article:modified_time\" content=\"2021-04-12T15:35:43+00:00\" \/>\n<meta name=\"twitter:card\" content=\"summary_large_image\" \/>\n<meta name=\"twitter:label1\" content=\"Tahmini okuma s\u00fcresi\" \/>\n\t<meta name=\"twitter:data1\" content=\"1 dakika\" \/>\n<script type=\"application\/ld+json\" class=\"yoast-schema-graph\">{\"@context\":\"https:\/\/schema.org\",\"@graph\":[{\"@type\":\"WebPage\",\"@id\":\"https:\/\/earnado.com\/tr\/backlink-analizi\/\",\"url\":\"https:\/\/earnado.com\/tr\/backlink-analizi\/\",\"name\":\"Backlink Analizi - Earnado\",\"isPartOf\":{\"@id\":\"https:\/\/earnado.com\/tr\/#website\"},\"datePublished\":\"2021-04-12T15:33:53+00:00\",\"dateModified\":\"2021-04-12T15:35:43+00:00\",\"description\":\"Siteniz i\u00e7in en kaliteli backlinkler nereden geliyor, backlinkler neler ve hangi siteler size link veriyor bu ara\u00e7 \u00fczerinden bulabilirsiniz.\",\"inLanguage\":\"tr\",\"potentialAction\":[{\"@type\":\"ReadAction\",\"target\":[\"https:\/\/earnado.com\/tr\/backlink-analizi\/\"]}]},{\"@type\":\"WebSite\",\"@id\":\"https:\/\/earnado.com\/tr\/#website\",\"url\":\"https:\/\/earnado.com\/tr\/\",\"name\":\"Earnado\",\"description\":\"\u0130\u015finizi Kafan\u0131zda De\u011fil \u0130nternette B\u00fcy\u00fct\u00fcn!\",\"potentialAction\":[{\"@type\":\"SearchAction\",\"target\":{\"@type\":\"EntryPoint\",\"urlTemplate\":\"https:\/\/earnado.com\/tr\/?s={search_term_string}\"},\"query-input\":\"required name=search_term_string\"}],\"inLanguage\":\"tr\"}]}<\/script>\n<!-- \/ Yoast SEO plugin. -->","yoast_head_json":{"title":"Backlink Analizi - Earnado","description":"Siteniz i\u00e7in en kaliteli backlinkler nereden geliyor, backlinkler neler ve hangi siteler size link veriyor bu ara\u00e7 \u00fczerinden bulabilirsiniz.","robots":{"index":"index","follow":"follow","max-snippet":"max-snippet:-1","max-image-preview":"max-image-preview:large","max-video-preview":"max-video-preview:-1"},"canonical":"https:\/\/earnado.com\/tr\/backlink-analizi\/","og_locale":"tr_TR","og_type":"article","og_title":"Backlink Analizi - Earnado","og_description":"Siteniz i\u00e7in en kaliteli backlinkler nereden geliyor, backlinkler neler ve hangi siteler size link veriyor bu ara\u00e7 \u00fczerinden bulabilirsiniz.","og_url":"https:\/\/earnado.com\/tr\/backlink-analizi\/","og_site_name":"Earnado","article_modified_time":"2021-04-12T15:35:43+00:00","twitter_card":"summary_large_image","twitter_misc":{"Tahmini okuma s\u00fcresi":"1 dakika"},"schema":{"@context":"https:\/\/schema.org","@graph":[{"@type":"WebPage","@id":"https:\/\/earnado.com\/tr\/backlink-analizi\/","url":"https:\/\/earnado.com\/tr\/backlink-analizi\/","name":"Backlink Analizi - Earnado","isPartOf":{"@id":"https:\/\/earnado.com\/tr\/#website"},"datePublished":"2021-04-12T15:33:53+00:00","dateModified":"2021-04-12T15:35:43+00:00","description":"Siteniz i\u00e7in en kaliteli backlinkler nereden geliyor, backlinkler neler ve hangi siteler size link veriyor bu ara\u00e7 \u00fczerinden bulabilirsiniz.","inLanguage":"tr","potentialAction":[{"@type":"ReadAction","target":["https:\/\/earnado.com\/tr\/backlink-analizi\/"]}]},{"@type":"WebSite","@id":"https:\/\/earnado.com\/tr\/#website","url":"https:\/\/earnado.com\/tr\/","name":"Earnado","description":"\u0130\u015finizi Kafan\u0131zda De\u011fil \u0130nternette B\u00fcy\u00fct\u00fcn!","potentialAction":[{"@type":"SearchAction","target":{"@type":"EntryPoint","urlTemplate":"https:\/\/earnado.com\/tr\/?s={search_term_string}"},"query-input":"required name=search_term_string"}],"inLanguage":"tr"}]}},"_links":{"self":[{"href":"https:\/\/earnado.com\/tr\/wp-json\/wp\/v2\/pages\/44535","targetHints":{"allow":["GET"]}}],"collection":[{"href":"https:\/\/earnado.com\/tr\/wp-json\/wp\/v2\/pages"}],"about":[{"href":"https:\/\/earnado.com\/tr\/wp-json\/wp\/v2\/types\/page"}],"author":[{"embeddable":true,"href":"https:\/\/earnado.com\/tr\/wp-json\/wp\/v2\/users\/320"}],"replies":[{"embeddable":true,"href":"https:\/\/earnado.com\/tr\/wp-json\/wp\/v2\/comments?post=44535"}],"version-history":[{"count":0,"href":"https:\/\/earnado.com\/tr\/wp-json\/wp\/v2\/pages\/44535\/revisions"}],"wp:attachment":[{"href":"https:\/\/earnado.com\/tr\/wp-json\/wp\/v2\/media?parent=44535"}],"curies":[{"name":"wp","href":"https:\/\/api.w.org\/{rel}","templated":true}]}}